{"id":4285,"date":"2025-07-07T22:41:37","date_gmt":"2025-07-07T22:41:37","guid":{"rendered":"https:\/\/mkautobuss.ee\/contact\/"},"modified":"2026-02-09T19:23:49","modified_gmt":"2026-02-09T19:23:49","slug":"contact","status":"publish","type":"page","link":"https:\/\/mkautobuss.ee\/en\/contact\/","title":{"rendered":"Contact"},"content":{"rendered":"\t\t<div data-elementor-type=\"wp-page\" data-elementor-id=\"4285\" class=\"elementor elementor-4285 elementor-151\" data-elementor-post-type=\"page\">\n\t\t\t\t<div class=\"elementor-element elementor-element-cec1a51 e-flex e-con-boxed e-con e-parent\" data-id=\"cec1a51\" data-element_type=\"container\" data-e-type=\"container\">\n\t\t\t\t\t<div class=\"e-con-inner\">\n\t\t<div class=\"elementor-element elementor-element-f1661cc e-con-full entrance e-flex e-con e-child\" data-id=\"f1661cc\" data-element_type=\"container\" data-e-type=\"container\">\n\t\t\t\t<div class=\"elementor-element elementor-element-92333d4 elementor-widget elementor-widget-heading\" data-id=\"92333d4\" data-element_type=\"widget\" data-e-type=\"widget\" data-widget_type=\"heading.default\">\n\t\t\t\t\t<h1 class=\"elementor-heading-title elementor-size-default\">Write to us<\/h1>\t\t\t\t<\/div>\n\t\t\t\t<div class=\"elementor-element elementor-element-e7afb7e elementor-button-align-end elementor-widget elementor-widget-form\" data-id=\"e7afb7e\" data-element_type=\"widget\" data-e-type=\"widget\" data-settings=\"{&quot;step_next_label&quot;:&quot;Next&quot;,&quot;step_previous_label&quot;:&quot;Previous&quot;,&quot;step_type&quot;:&quot;number_text&quot;,&quot;step_icon_shape&quot;:&quot;circle&quot;}\" data-widget_type=\"form.default\">\n\t\t\t\t\t\t\t<form class=\"elementor-form\" method=\"post\" name=\"New Form\" aria-label=\"New Form\">\n\t\t\t<input type=\"hidden\" name=\"post_id\" value=\"4285\"\/>\n\t\t\t<input type=\"hidden\" name=\"form_id\" value=\"e7afb7e\"\/>\n\t\t\t<input type=\"hidden\" name=\"referer_title\" value=\"Contact | MK Autobuss AS \u2013 P\u00e4rnu and Tallinn\" \/>\n\n\t\t\t\t\t\t\t<input type=\"hidden\" name=\"queried_id\" value=\"4285\"\/>\n\t\t\t\n\t\t\t<div class=\"elementor-form-fields-wrapper elementor-labels-above\">\n\t\t\t\t\t\t\t\t<div class=\"elementor-field-type-text elementor-field-group elementor-column elementor-field-group-name elementor-col-50 elementor-md-100 elementor-field-required\">\n\t\t\t\t\t\t\t\t\t\t\t\t\t<input size=\"1\" type=\"text\" name=\"form_fields[name]\" id=\"form-field-name\" class=\"elementor-field elementor-size-md  elementor-field-textual\" placeholder=\"Name\" required=\"required\">\n\t\t\t\t\t\t\t\t\t\t\t<\/div>\n\t\t\t\t\t\t\t\t<div class=\"elementor-field-type-email elementor-field-group elementor-column elementor-field-group-mail elementor-col-50 elementor-md-100 elementor-field-required\">\n\t\t\t\t\t\t\t\t\t\t\t\t\t<input size=\"1\" type=\"email\" name=\"form_fields[mail]\" id=\"form-field-mail\" class=\"elementor-field elementor-size-md  elementor-field-textual\" placeholder=\"E-mail\" required=\"required\">\n\t\t\t\t\t\t\t\t\t\t\t<\/div>\n\t\t\t\t\t\t\t\t<div class=\"elementor-field-type-text elementor-field-group elementor-column elementor-field-group-pealkiri elementor-col-100 elementor-md-100 elementor-field-required\">\n\t\t\t\t\t\t\t\t\t\t\t\t\t<input size=\"1\" type=\"text\" name=\"form_fields[pealkiri]\" id=\"form-field-pealkiri\" class=\"elementor-field elementor-size-md  elementor-field-textual\" placeholder=\"Title of the letter\" required=\"required\">\n\t\t\t\t\t\t\t\t\t\t\t<\/div>\n\t\t\t\t\t\t\t\t<div class=\"elementor-field-type-textarea elementor-field-group elementor-column elementor-field-group-message elementor-col-100 elementor-md-100 elementor-field-required\">\n\t\t\t\t\t<textarea class=\"elementor-field-textual elementor-field  elementor-size-md\" name=\"form_fields[message]\" id=\"form-field-message\" rows=\"8\" placeholder=\"Content of the letter\" required=\"required\"><\/textarea>\t\t\t\t<\/div>\n\t\t\t\t\t\t\t\t<div class=\"elementor-field-group elementor-column elementor-field-type-submit elementor-col-100 e-form__buttons\">\n\t\t\t\t\t<button class=\"elementor-button elementor-size-xs\" type=\"submit\">\n\t\t\t\t\t\t<span class=\"elementor-button-content-wrapper\">\n\t\t\t\t\t\t\t\t\t\t\t\t\t\t\t\t\t\t\t\t\t\t<span class=\"elementor-button-text\">Send Inquiry<\/span>\n\t\t\t\t\t\t\t\t\t\t\t\t\t<\/span>\n\t\t\t\t\t<\/button>\n\t\t\t\t<\/div>\n\t\t\t<\/div>\n\t\t<\/form>\n\t\t\t\t\t\t<\/div>\n\t\t\t\t<\/div>\n\t\t<div class=\"elementor-element elementor-element-2c00f84 e-con-full shadowbox entrance e-flex e-con e-child\" data-id=\"2c00f84\" data-element_type=\"container\" data-e-type=\"container\">\n\t\t\t\t<div class=\"elementor-element elementor-element-5644797 elementor-widget elementor-widget-heading\" data-id=\"5644797\" data-element_type=\"widget\" data-e-type=\"widget\" data-widget_type=\"heading.default\">\n\t\t\t\t\t<h2 class=\"elementor-heading-title elementor-size-default\">MK Autobuss AS<\/h2>\t\t\t\t<\/div>\n\t\t<div class=\"elementor-element elementor-element-39bf1cc e-con-full e-flex e-con e-child\" data-id=\"39bf1cc\" data-element_type=\"container\" data-e-type=\"container\">\n\t\t<div class=\"elementor-element elementor-element-8077dd8 e-con-full e-flex e-con e-child\" data-id=\"8077dd8\" data-element_type=\"container\" data-e-type=\"container\">\n\t\t\t\t<div class=\"elementor-element elementor-element-7f6508e elementor-widget elementor-widget-heading\" data-id=\"7f6508e\" data-element_type=\"widget\" data-e-type=\"widget\" data-widget_type=\"heading.default\">\n\t\t\t\t\t<h2 class=\"elementor-heading-title elementor-size-default\">General contact<\/h2>\t\t\t\t<\/div>\n\t\t\t\t<div class=\"elementor-element elementor-element-c10afe7 elementor-widget elementor-widget-text-editor\" data-id=\"c10afe7\" data-element_type=\"widget\" data-e-type=\"widget\" data-widget_type=\"text-editor.default\">\n\t\t\t\t\t\t\t\t\t<p><strong>Address<br><\/strong><a href=\"https:\/\/maps.app.goo.gl\/ABTpEvNQo9BqVx1o6\">Betooni 26,<br>13816 Tallinn<\/a><\/p><p><strong>Telephone<\/strong><br><a href=\"Tel:%20+372%205551%205316\">+372 5551 5316<\/a><br>Mon\u2013Fri 08:00\u201317:00<\/p><p><strong>Charter services<\/strong><br><a href=\"Tel:%20+372%205388%204424\">+372 5388 4424<\/a><\/p><p><strong>International<br>Group Tours<\/strong><br><a href=\"http:\/\/+372%20506%200606\" data-wplink-url-error=\"true\">+372 506 0606<\/a><\/p><p><strong>E-mail<\/strong><br><a href=\"mailto:info@mkautobuss.ee\">info@mkautobuss.ee<\/a><\/p>\t\t\t\t\t\t\t\t<\/div>\n\t\t\t\t<\/div>\n\t\t<div class=\"elementor-element elementor-element-003c204 e-con-full e-flex e-con e-child\" data-id=\"003c204\" data-element_type=\"container\" data-e-type=\"container\">\n\t\t\t\t<div class=\"elementor-element elementor-element-6157d30 elementor-widget elementor-widget-heading\" data-id=\"6157d30\" data-element_type=\"widget\" data-e-type=\"widget\" data-widget_type=\"heading.default\">\n\t\t\t\t\t<h2 class=\"elementor-heading-title elementor-size-default\">P\u00e4rnu Branch\n<\/h2>\t\t\t\t<\/div>\n\t\t\t\t<div class=\"elementor-element elementor-element-eb0f8f1 elementor-widget elementor-widget-text-editor\" data-id=\"eb0f8f1\" data-element_type=\"widget\" data-e-type=\"widget\" data-widget_type=\"text-editor.default\">\n\t\t\t\t\t\t\t\t\t<p><strong>Address<br><\/strong><a href=\"https:\/\/maps.app.goo.gl\/UTQCQbhu1pgcwyse9\">Saugam\u00f5isa tee 5,<br>80043 P\u00e4rnu<\/a><\/p><p><strong>Telephone<\/strong><br><a href=\"tel:+3725549236\">+372 554 9236<\/a><br>Mon\u2013Fri 08:00\u201317:00<\/p><p><strong>E-mail<\/strong><br><a href=\"mailto:parnu@mkautobuss.ee\">parnu@mkautobuss.ee<\/a><\/p>\t\t\t\t\t\t\t\t<\/div>\n\t\t\t\t<\/div>\n\t\t\t\t<\/div>\n\t\t\t\t<\/div>\n\t\t\t\t\t<\/div>\n\t\t\t\t<\/div>\n\t\t<div class=\"elementor-element elementor-element-f96314a e-flex e-con-boxed e-con e-parent\" data-id=\"f96314a\" data-element_type=\"container\" data-e-type=\"container\">\n\t\t\t\t\t<div class=\"e-con-inner\">\n\t\t<div class=\"elementor-element elementor-element-625d7d2 e-con-full entrance e-flex e-con e-child\" data-id=\"625d7d2\" data-element_type=\"container\" data-e-type=\"container\">\n\t\t\t\t<div class=\"elementor-element elementor-element-8ec9159 elementor-widget elementor-widget-heading\" data-id=\"8ec9159\" data-element_type=\"widget\" data-e-type=\"widget\" data-widget_type=\"heading.default\">\n\t\t\t\t\t<h2 class=\"elementor-heading-title elementor-size-default\">MK Autobuss AS<\/h2>\t\t\t\t<\/div>\n\t\t\t\t<div class=\"elementor-element elementor-element-f6142a3 elementor-widget elementor-widget-google_maps\" data-id=\"f6142a3\" data-element_type=\"widget\" data-e-type=\"widget\" data-widget_type=\"google_maps.default\">\n\t\t\t\t\t\t\t<div class=\"elementor-custom-embed\">\n\t\t\t<iframe loading=\"lazy\"\n\t\t\t\t\tsrc=\"https:\/\/maps.google.com\/maps?q=MK%20Autobuss%20AS&#038;t=m&#038;z=12&#038;output=embed&#038;iwloc=near\"\n\t\t\t\t\ttitle=\"MK Autobuss AS\"\n\t\t\t\t\taria-label=\"MK Autobuss AS\"\n\t\t\t><\/iframe>\n\t\t<\/div>\n\t\t\t\t\t\t<\/div>\n\t\t\t\t<\/div>\n\t\t<div class=\"elementor-element elementor-element-1421f43 e-con-full entrance e-flex e-con e-child\" data-id=\"1421f43\" data-element_type=\"container\" data-e-type=\"container\">\n\t\t\t\t<div class=\"elementor-element elementor-element-27143d0 elementor-widget elementor-widget-heading\" data-id=\"27143d0\" data-element_type=\"widget\" data-e-type=\"widget\" data-widget_type=\"heading.default\">\n\t\t\t\t\t<h2 class=\"elementor-heading-title elementor-size-default\">MK Autobuss AS P\u00e4rnu branch\n<\/h2>\t\t\t\t<\/div>\n\t\t\t\t<div class=\"elementor-element elementor-element-b6b1df7 elementor-widget elementor-widget-google_maps\" data-id=\"b6b1df7\" data-element_type=\"widget\" data-e-type=\"widget\" data-widget_type=\"google_maps.default\">\n\t\t\t\t\t\t\t<div class=\"elementor-custom-embed\">\n\t\t\t<iframe loading=\"lazy\"\n\t\t\t\t\tsrc=\"https:\/\/maps.google.com\/maps?q=Saugam%C3%B5isa%20tee%205&#038;t=m&#038;z=13&#038;output=embed&#038;iwloc=near\"\n\t\t\t\t\ttitle=\"Saugam\u00f5isa tee 5\"\n\t\t\t\t\taria-label=\"Saugam\u00f5isa tee 5\"\n\t\t\t><\/iframe>\n\t\t<\/div>\n\t\t\t\t\t\t<\/div>\n\t\t\t\t<\/div>\n\t\t\t\t\t<\/div>\n\t\t\t\t<\/div>\n\t\t\t\t<\/div>\n\t\t","protected":false},"excerpt":{"rendered":"<p>Write to us MK Autobuss AS General contact AddressBetooni 26,13816 Tallinn Telephone+372 5551 5316Mon\u2013Fri 08:00\u201317:00 Charter services+372 5388 4424 InternationalGroup Tours+372 506 0606 E-mailinfo@mkautobuss.ee P\u00e4rnu Branch AddressSaugam\u00f5isa tee 5,80043 P\u00e4rnu Telephone+372 554 9236Mon\u2013Fri 08:00\u201317:00 E-mailparnu@mkautobuss.ee MK Autobuss AS MK Autobuss AS P\u00e4rnu branch<\/p>\n","protected":false},"author":1,"featured_media":0,"parent":0,"menu_order":0,"comment_status":"closed","ping_status":"closed","template":"","meta":{"footnotes":""},"class_list":["post-4285","page","type-page","status-publish","hentry"],"yoast_head":"<!-- This site is optimized with the Yoast SEO plugin v26.9 - https:\/\/yoast.com\/product\/yoast-seo-wordpress\/ -->\n<title>Contact | MK Autobuss AS \u2013 P\u00e4rnu and Tallinn<\/title>\n<meta name=\"description\" content=\"MK Autobuss AS contact \u2013 phone, e-mail and address information to book a bus or get answers to timetable questions.\" \/>\n<meta name=\"robots\" content=\"index, follow, max-snippet:-1, max-image-preview:large, max-video-preview:-1\" \/>\n<link rel=\"canonical\" href=\"https:\/\/mkautobuss.ee\/en\/contact\/\" \/>\n<meta property=\"og:locale\" content=\"en_US\" \/>\n<meta property=\"og:type\" content=\"article\" \/>\n<meta property=\"og:title\" content=\"Contact | MK Autobuss AS \u2013 P\u00e4rnu and Tallinn\" \/>\n<meta property=\"og:description\" content=\"MK Autobuss AS contact \u2013 phone, e-mail and address information to book a bus or get answers to timetable questions.\" \/>\n<meta property=\"og:url\" content=\"https:\/\/mkautobuss.ee\/en\/contact\/\" \/>\n<meta property=\"og:site_name\" content=\"MK Autobuss AS\" \/>\n<meta property=\"article:modified_time\" content=\"2026-02-09T19:23:49+00:00\" \/>\n<meta name=\"twitter:card\" content=\"summary_large_image\" \/>\n<script type=\"application\/ld+json\" class=\"yoast-schema-graph\">{\"@context\":\"https:\/\/schema.org\",\"@graph\":[{\"@type\":\"WebPage\",\"@id\":\"https:\/\/mkautobuss.ee\/en\/contact\/\",\"url\":\"https:\/\/mkautobuss.ee\/en\/contact\/\",\"name\":\"Contact | MK Autobuss AS \u2013 P\u00e4rnu and Tallinn\",\"isPartOf\":{\"@id\":\"https:\/\/mkautobuss.ee\/en\/#website\"},\"datePublished\":\"2025-07-07T22:41:37+00:00\",\"dateModified\":\"2026-02-09T19:23:49+00:00\",\"description\":\"MK Autobuss AS contact \u2013 phone, e-mail and address information to book a bus or get answers to timetable questions.\",\"breadcrumb\":{\"@id\":\"https:\/\/mkautobuss.ee\/en\/contact\/#breadcrumb\"},\"inLanguage\":\"en-US\",\"potentialAction\":[{\"@type\":\"ReadAction\",\"target\":[\"https:\/\/mkautobuss.ee\/en\/contact\/\"]}]},{\"@type\":\"BreadcrumbList\",\"@id\":\"https:\/\/mkautobuss.ee\/en\/contact\/#breadcrumb\",\"itemListElement\":[{\"@type\":\"ListItem\",\"position\":1,\"name\":\"Esilehy\",\"item\":\"https:\/\/mkautobuss.ee\/en\/home\/\"},{\"@type\":\"ListItem\",\"position\":2,\"name\":\"Contact\"}]},{\"@type\":\"WebSite\",\"@id\":\"https:\/\/mkautobuss.ee\/en\/#website\",\"url\":\"https:\/\/mkautobuss.ee\/en\/\",\"name\":\"MK Autobuss AS\",\"description\":\"Kommertsliinivedu, siseriiklikud kui ka rahvusvahelised tellimusveod\",\"publisher\":{\"@id\":\"https:\/\/mkautobuss.ee\/en\/#organization\"},\"potentialAction\":[{\"@type\":\"SearchAction\",\"target\":{\"@type\":\"EntryPoint\",\"urlTemplate\":\"https:\/\/mkautobuss.ee\/en\/?s={search_term_string}\"},\"query-input\":{\"@type\":\"PropertyValueSpecification\",\"valueRequired\":true,\"valueName\":\"search_term_string\"}}],\"inLanguage\":\"en-US\"},{\"@type\":\"Organization\",\"@id\":\"https:\/\/mkautobuss.ee\/en\/#organization\",\"name\":\"MK Autobuss AS\",\"url\":\"https:\/\/mkautobuss.ee\/en\/\",\"logo\":{\"@type\":\"ImageObject\",\"inLanguage\":\"en-US\",\"@id\":\"https:\/\/mkautobuss.ee\/en\/#\/schema\/logo\/image\/\",\"url\":\"https:\/\/mkautobuss.ee\/wp-content\/uploads\/2025\/07\/MK-Autobuss-logo-1.svg\",\"contentUrl\":\"https:\/\/mkautobuss.ee\/wp-content\/uploads\/2025\/07\/MK-Autobuss-logo-1.svg\",\"width\":130,\"height\":36,\"caption\":\"MK Autobuss AS\"},\"image\":{\"@id\":\"https:\/\/mkautobuss.ee\/en\/#\/schema\/logo\/image\/\"}}]}<\/script>\n<!-- \/ Yoast SEO plugin. -->","yoast_head_json":{"title":"Contact | MK Autobuss AS \u2013 P\u00e4rnu and Tallinn","description":"MK Autobuss AS contact \u2013 phone, e-mail and address information to book a bus or get answers to timetable questions.","robots":{"index":"index","follow":"follow","max-snippet":"max-snippet:-1","max-image-preview":"max-image-preview:large","max-video-preview":"max-video-preview:-1"},"canonical":"https:\/\/mkautobuss.ee\/en\/contact\/","og_locale":"en_US","og_type":"article","og_title":"Contact | MK Autobuss AS \u2013 P\u00e4rnu and Tallinn","og_description":"MK Autobuss AS contact \u2013 phone, e-mail and address information to book a bus or get answers to timetable questions.","og_url":"https:\/\/mkautobuss.ee\/en\/contact\/","og_site_name":"MK Autobuss AS","article_modified_time":"2026-02-09T19:23:49+00:00","twitter_card":"summary_large_image","schema":{"@context":"https:\/\/schema.org","@graph":[{"@type":"WebPage","@id":"https:\/\/mkautobuss.ee\/en\/contact\/","url":"https:\/\/mkautobuss.ee\/en\/contact\/","name":"Contact | MK Autobuss AS \u2013 P\u00e4rnu and Tallinn","isPartOf":{"@id":"https:\/\/mkautobuss.ee\/en\/#website"},"datePublished":"2025-07-07T22:41:37+00:00","dateModified":"2026-02-09T19:23:49+00:00","description":"MK Autobuss AS contact \u2013 phone, e-mail and address information to book a bus or get answers to timetable questions.","breadcrumb":{"@id":"https:\/\/mkautobuss.ee\/en\/contact\/#breadcrumb"},"inLanguage":"en-US","potentialAction":[{"@type":"ReadAction","target":["https:\/\/mkautobuss.ee\/en\/contact\/"]}]},{"@type":"BreadcrumbList","@id":"https:\/\/mkautobuss.ee\/en\/contact\/#breadcrumb","itemListElement":[{"@type":"ListItem","position":1,"name":"Esilehy","item":"https:\/\/mkautobuss.ee\/en\/home\/"},{"@type":"ListItem","position":2,"name":"Contact"}]},{"@type":"WebSite","@id":"https:\/\/mkautobuss.ee\/en\/#website","url":"https:\/\/mkautobuss.ee\/en\/","name":"MK Autobuss AS","description":"Kommertsliinivedu, siseriiklikud kui ka rahvusvahelised tellimusveod","publisher":{"@id":"https:\/\/mkautobuss.ee\/en\/#organization"},"potentialAction":[{"@type":"SearchAction","target":{"@type":"EntryPoint","urlTemplate":"https:\/\/mkautobuss.ee\/en\/?s={search_term_string}"},"query-input":{"@type":"PropertyValueSpecification","valueRequired":true,"valueName":"search_term_string"}}],"inLanguage":"en-US"},{"@type":"Organization","@id":"https:\/\/mkautobuss.ee\/en\/#organization","name":"MK Autobuss AS","url":"https:\/\/mkautobuss.ee\/en\/","logo":{"@type":"ImageObject","inLanguage":"en-US","@id":"https:\/\/mkautobuss.ee\/en\/#\/schema\/logo\/image\/","url":"https:\/\/mkautobuss.ee\/wp-content\/uploads\/2025\/07\/MK-Autobuss-logo-1.svg","contentUrl":"https:\/\/mkautobuss.ee\/wp-content\/uploads\/2025\/07\/MK-Autobuss-logo-1.svg","width":130,"height":36,"caption":"MK Autobuss AS"},"image":{"@id":"https:\/\/mkautobuss.ee\/en\/#\/schema\/logo\/image\/"}}]}},"_links":{"self":[{"href":"https:\/\/mkautobuss.ee\/en\/wp-json\/wp\/v2\/pages\/4285","targetHints":{"allow":["GET"]}}],"collection":[{"href":"https:\/\/mkautobuss.ee\/en\/wp-json\/wp\/v2\/pages"}],"about":[{"href":"https:\/\/mkautobuss.ee\/en\/wp-json\/wp\/v2\/types\/page"}],"author":[{"embeddable":true,"href":"https:\/\/mkautobuss.ee\/en\/wp-json\/wp\/v2\/users\/1"}],"replies":[{"embeddable":true,"href":"https:\/\/mkautobuss.ee\/en\/wp-json\/wp\/v2\/comments?post=4285"}],"version-history":[{"count":7,"href":"https:\/\/mkautobuss.ee\/en\/wp-json\/wp\/v2\/pages\/4285\/revisions"}],"predecessor-version":[{"id":6007,"href":"https:\/\/mkautobuss.ee\/en\/wp-json\/wp\/v2\/pages\/4285\/revisions\/6007"}],"wp:attachment":[{"href":"https:\/\/mkautobuss.ee\/en\/wp-json\/wp\/v2\/media?parent=4285"}],"curies":[{"name":"wp","href":"https:\/\/api.w.org\/{rel}","templated":true}]}}